 
{"id":1225,"date":"2021-10-13T14:20:38","date_gmt":"2021-10-13T11:20:38","guid":{"rendered":"http:\/\/localhost\/avRodica\/?page_id=1225"},"modified":"2023-04-06T16:49:20","modified_gmt":"2023-04-06T13:49:20","slug":"termeni-si-conditii","status":"publish","type":"page","link":"https:\/\/avbreaban.com\/?page_id=1225","title":{"rendered":"Termeni \u0219i condi\u021bii"},"content":{"rendered":"\t\t<div data-elementor-type=\"wp-page\" data-elementor-id=\"1225\" class=\"elementor elementor-1225\">\n\t\t\t\t\t\t<section class=\"elementor-section elementor-top-section elementor-element elementor-element-a14fd2d elementor-section-boxed elementor-section-height-default elementor-section-height-default\" data-id=\"a14fd2d\" data-element_type=\"section\">\n\t\t\t\t\t\t<div class=\"elementor-container elementor-column-gap-default\">\n\t\t\t\t\t<div class=\"elementor-column elementor-col-100 elementor-top-column elementor-element elementor-element-4275087c\" data-id=\"4275087c\" data-element_type=\"column\">\n\t\t\t<div class=\"elementor-widget-wrap elementor-element-populated\">\n\t\t\t\t\t\t<div class=\"elementor-element elementor-element-349ced5a elementor-widget elementor-widget-text-editor\" data-id=\"349ced5a\" data-element_type=\"widget\" data-widget_type=\"text-editor.default\">\n\t\t\t\t<div class=\"elementor-widget-container\">\n\t\t\t\t\t\t\t\t\t<p><\/p>\n<h4 class=\"wp-block-heading\" style=\"text-align: center;\">TERMENI \u0218I CONDI\u021aII<\/h4>\n<p><\/p>\n<p><\/p>\n<h4>ASPECTE GENERALE<\/h4>\n<p>Site-ul, <em>avbreaban.com<\/em> (\u201dSite\u201d) apar\u021bine Cabinet avocat \u2013 Breab\u0103n Rodica, cu sediul \u00een municipiul Bac\u0103u, str. 9 Mai, nr. 29, ap. 10, Jud. Bac\u0103u (denumit \u00een continuare \u201dCabinet\u201d), \u00eenregistrat \u0219i autorizat \u00een cadrul Baroului Bac\u0103u \u2013 Uniunea Na\u021bional\u0103 a Barourilor din Rom\u00e2nia, CIF 19515440, num\u0103r de telefon +40745324654, adres\u0103 de e-mail: cabinet@avbreaban.com.<br \/>Site-ul este realizat \u0219i operat de avocat Breab\u0103n Rodica care de\u021bine drepturi de proprietate intelectual\u0103 cu privire la toate materialele con\u021binute, incluz\u00e2nd drepturi de autor, m\u0103rci \u00eenregistrate, etc. Orice persoana care acceseaz\u0103 Site-ul se oblig\u0103, \u00een mod necondi\u021bionat, s\u0103 nu copieze, republice, reproduc\u0103 sau modifice \u00een orice fel, transmit\u0103 sau distribuie, orice parte sau \u00eentregul con\u021binut al acestui Site.<br \/>Prezentul document con\u021bin\u00e2nd termenii si condi\u021biile de utilizare ale site-ului <em>avbreaban.com<\/em> (denumit in continuare \u201cTermeni si Condi\u021bii\u201d) stabile\u0219te care sunt condi\u021biile \u00een care orice persoana poate vizita ori accesa Site-ul.<br \/>Site-ul a fost creat exclusiv \u00een scopuri informative, Cabinetul pun\u00e2nd la dispozi\u021bie informa\u021bii referitoare la ariile de practic\u0103 \u00een care activeaz\u0103, la activit\u0103\u021bile realizate, la parteneri, colaboratori \u0219i nu reprezint\u0103 un mijloc de reclam\u0103 \u0219i nu poate fi interpretat drept o ofert\u0103 de a contracta anumite servicii juridice.<br \/>Prin accesarea acestui Site ori utiliz\u00e2nd informa\u021bii din acesta sau comunic\u00e2nd cu noi, prin intermediul acestui Site, telefonic la numerele \u00eenscrise pe Site sau prin e-mail, prin comunicarea unei solicit\u0103ri, nu se creeaz\u0103 o rela\u021bie avocat-client.<br \/>Opiniile \u0219i informa\u021biile prezentate \u00een con\u021binutul Site-ului nu pot fi considerate consultan\u021b\u0103 juridic\u0103 \u0219i nu reprezint\u0103 neap\u0103rat opinia Cabinetului sau a clien\u021bilor s\u0103i.<br \/>V\u0103 recomand\u0103m s\u0103 citi\u021bi cu aten\u021bie Termeni \u0219i Condi\u021bii, <a href=\"https:\/\/avbreaban.com\/?page_id=1038\">Politica de confiden\u021bialitate<\/a> precum \u0219i <a href=\"https:\/\/avbreaban.com\/?page_id=1163\">Politica privind utilizarea Cookie-urilor<\/a>, publicate pe acest Site, \u00eenainte de a efectua orice opera\u021biune prin intermediul acestuia.<br \/>Folosirea sau vizitarea acestui Site implic\u0103 acceptarea de c\u0103tre utilizatori a termenilor \u0219i a condi\u021biilor descrise \u00een cele ce urmeaz\u0103.<\/p>\n<h4>UTILIZAREA FORMULARULUI DE CONTACT<\/h4>\n<p>Dup\u0103 ce ve\u021bi fi luat decizia de a ne contacta \u00een vederea solicit\u0103rii unei consultan\u021be juridice specializate, a unei cereri de ofert\u0103 de servicii juridice, etc, pute\u021bi accesa formularul de contact din diferitele sec\u021biuni ale site-ului, emailul sau telefoanele afi\u0219ate pe site.<br \/>Transmiterea mesajelor prin intermediul formularului de contact de pe Site, la adresa de e-mail sau numerele de telefon afi\u0219ate pe site trebuie s\u0103 fie f\u0103cut\u0103 \u00een conformitate cu urm\u0103toarele principii: orice informa\u021bie transmis\u0103 este legal\u0103, conforma bunelor moravuri, nu este def\u0103im\u0103toare, nu con\u021bine informa\u021bii false, nu induce \u00een eroare, nu exista obiec\u021bii cu privire la aceasta, nu \u00eencalc\u0103 drepturile de proprietate intelectuala sau alte drepturi ale Cabinetului sau ale ter\u021bilor.<br \/>Utilizatorii r\u0103spund \u00een mod exclusiv \u0219i \u00een orice moment pentru con\u021binutul \u0219i forma acestor informa\u021bii transmise prin modalit\u0103\u021bile prev\u0103zute mai sus.<br \/>Dac\u0103 vom recep\u021biona de la dumneavoastr\u0103 mesaje con\u021bin\u00e2nd solicit\u0103ri de consultan\u021b\u0103 juridic\u0103 specializat\u0103, cereri de oferte de servicii juridice, \u00eentreb\u0103ri, comentarii, scrisori de inten\u021bie, feedback-ul sau orice alt\u0103 solicitare transmise prin e-mail, la oricare din adresele de e-mail aflate pe website sau prin formularele de contact, vom considera c\u0103 sunte\u021bi de acord ca datele dumneavoastr\u0103 personale ob\u021binute prin modalit\u0103\u021bile descrise mai sus s\u0103 fie folosite pentru a v\u0103 r\u0103spunde solicit\u0103rilor.<br \/>V\u0103 rug\u0103m s\u0103 nu transmite\u021bi prin formularele de contact date sensibile sau confiden\u021biale, \u00eentruc\u00e2t, de\u0219i adopt\u0103m diverse m\u0103suri de securitate pentru protejarea informa\u021biilor, transmiterea acestora \u00een siguran\u021b\u0103 prin internet, nu poate fi garantat\u0103 \u00een procent de 100%.<br \/>Nu ne asum\u0103m nici un fel de r\u0103spundere pentru orice pierdere a acestor informa\u021bii confiden\u021biale sau sensibile transmise de dumneavoastr\u0103 \u00een aceast\u0103 modalitate.<\/p>\n<h4>PRELUCRAREA DATELOR PERSONALE<\/h4>\n<p><\/p>\n<p><\/p>\n<p>Toate datele personale colectate prin intermediul Site-ului vor fi prelucrate potrivit dispozi\u021biilor reg\u0103site \u00een documentul <a href=\"http:\/\/localhost\/avRodica\/termeni\/\">Politica de Confiden\u021bialitate.<\/a><\/p>\n<h4>LINK-URI<\/h4>\n<p>Site-ul poate con\u021bine leg\u0103turi c\u0103tre alte site-uri care nu sunt operate \u0219i nu se afla sub controlul Cabinetului drept urmare nu suntem r\u0103spunz\u0103tori pentru condi\u021biile de utilizare, con\u021binutul, materialele, produsele \u0219i serviciile incluse \u00een nici unul dintre aceste site-uri sau la care pot face trimitere \u00een orice mod aceste site-uri. Accesarea acestor site-uri se face pe propria r\u0103spundere \u0219i riscul exclusiv al celui care le acceseaz\u0103.<br \/>Link-urile care conduc c\u0103tre paginile web ale autorit\u0103\u021bilor publice sau organiza\u021bii, sunt puse la dispozi\u021bia utilizatorilor acestui Site pentru a le facilita accesul la informa\u021biile publice.<\/p>\n<h4>LIMITAREA R\u0102SPUNDERII<\/h4>\n<p>Tot con\u021binutul prezentat pe site este furnizat ca atare, f\u0103r\u0103 nici un fel de garan\u021bie expres\u0103 sau implicit\u0103.<br \/>Cabinetul nu este r\u0103spunz\u0103tor pentru nici un fel de daune directe\/indirecte, minore\/majore sau incidentale rezultate din utilizarea sau interpretarea informa\u021biilor de pe Site sau orice alt aspect \u00een leg\u0103tur\u0103 cu acest Site \u0219i nici pentru ac\u021biunile pe care le lua\u021bi sau nu le face\u021bi pe baza con\u021binutului acestuia, utilizatorul asum\u00e2ndu-\u0219i toat\u0103 r\u0103spunderea, riscurile \u0219i consecin\u021bele care ar putea rezulta din utilizarea acestui Site.<br \/>Cabinetul nu garanteaz\u0103 \u0219i nu va garanta faptul c\u0103 un document disponibil on-line reproduce exact un text adoptat \u00een mod oficial.<br \/>Cabinetul \u00ee\u0219i rezerv\u0103 dreptul s\u0103 modifice sau s\u0103 elimine orice document sau informa\u021bie, s\u0103 interzic\u0103 accesul sau s\u0103 opreasc\u0103 temporar sau permanent orice parte a site-ului f\u0103r\u0103 a fi obligat\u0103 s\u0103 notifice utilizatorii \u00een prealabil.<br \/>Cabinetul nu va fi responsabil pentru nici o problem\u0103 sau o disfunc\u021bionalitate a re\u021belelor sau a liniilor telefonice, sistemelor de internet online, serverelor, furnizorilor de internet, echipamentelor, calculatoarelor, programelor sau a oric\u0103rui alt element ce poate cauza stric\u0103ciuni sistemelor informatice ca rezultat al utiliz\u0103rii acestui Site.<\/p>\n<p>\u00ceNC\u0102LC\u0102RI<\/p>\n<p>\u00cen cazul \u00een care, prin utilizarea acestui site, ve\u021bi \u00eenc\u0103lca Termenii \u0219i Condi\u021biile, se vor lua m\u0103suri \u00eempotriva oric\u0103ror comportamente care \u00eencalc\u0103 flagrant prezentele reguli.<br \/>\u00cen acest sens, \u00een\u021belege\u021bi c\u0103 \u00een cazul unei \u00eenc\u0103lc\u0103ri a acestor Termeni \u0219i Condi\u021bii, v\u0103 poate fi blocat sau restric\u021bionat accesul la site, v\u0103 poate fi refuzat\u0103 onorarea anumitor servicii juridice \u2013 servicii \u00een derulare sau viitoare \u2013 chiar \u0219i \u00een cazul \u00een care drepturile Cabinetului sau drepturile celorlal\u021bi utilizatori au fost \u00eenc\u0103lcate.<\/p>\n<h4>LEGEA APLICABIL\u0102<\/h4>\n<p>Termenii si Condi\u021biile sunt guvernate de legea romana. Orice litigii care decurg din sau \u00een leg\u0103tur\u0103 cu Termenii \u0219i Condi\u021biile vor fi adresate instan\u021belor judec\u0103tore\u0219ti competente de pe raza Municipiului Bac\u0103u, jude\u021b Bac\u0103u \u2013 Rom\u00e2nia.<\/p>\n<p><\/p>\t\t\t\t\t\t\t\t<\/div>\n\t\t\t\t<\/div>\n\t\t\t\t\t<\/div>\n\t\t<\/div>\n\t\t\t\t\t<\/div>\n\t\t<\/section>\n\t\t\t\t<section class=\"elementor-section elementor-top-section elementor-element elementor-element-fa5a21b elementor-section-boxed elementor-section-height-default elementor-section-height-default\" data-id=\"fa5a21b\" data-element_type=\"section\">\n\t\t\t\t\t\t<div class=\"elementor-container elementor-column-gap-default\">\n\t\t\t\t\t<div class=\"elementor-column elementor-col-50 elementor-top-column elementor-element elementor-element-70173deb\" data-id=\"70173deb\" data-element_type=\"column\">\n\t\t\t<div class=\"elementor-widget-wrap elementor-element-populated\">\n\t\t\t\t\t\t<div class=\"elementor-element elementor-element-57107e99 elementor-align-center elementor-widget elementor-widget-button\" data-id=\"57107e99\" data-element_type=\"widget\" data-widget_type=\"button.default\">\n\t\t\t\t<div class=\"elementor-widget-container\">\n\t\t\t\t\t\t\t\t\t<div class=\"elementor-button-wrapper\">\n\t\t\t\t\t<a class=\"elementor-button elementor-button-link elementor-size-sm\" href=\"https:\/\/avbreaban.com\/\" rel=\"nofollow\">\n\t\t\t\t\t\t<span class=\"elementor-button-content-wrapper\">\n\t\t\t\t\t\t\t\t\t<span class=\"elementor-button-text\">revenire acas\u0103<\/span>\n\t\t\t\t\t<\/span>\n\t\t\t\t\t<\/a>\n\t\t\t\t<\/div>\n\t\t\t\t\t\t\t\t<\/div>\n\t\t\t\t<\/div>\n\t\t\t\t\t<\/div>\n\t\t<\/div>\n\t\t\t\t<div class=\"elementor-column elementor-col-50 elementor-top-column elementor-element elementor-element-ee76a74\" data-id=\"ee76a74\" data-element_type=\"column\">\n\t\t\t<div class=\"elementor-widget-wrap elementor-element-populated\">\n\t\t\t\t\t\t<div class=\"elementor-element elementor-element-17281e2 elementor-widget__width-initial button elementor-widget elementor-widget-html\" data-id=\"17281e2\" data-element_type=\"widget\" data-widget_type=\"html.default\">\n\t\t\t\t<div class=\"elementor-widget-container\">\n\t\t\t\t\t<a href=\"javascript:window.close();\" style=\"font-size: 18px;\">\u00cenchide pagina<\/a>\t\t\t\t<\/div>\n\t\t\t\t<\/div>\n\t\t\t\t\t<\/div>\n\t\t<\/div>\n\t\t\t\t\t<\/div>\n\t\t<\/section>\n\t\t\t\t<\/div>\n\t\t","protected":false},"excerpt":{"rendered":"<p>TERMENI \u0218I CONDI\u021aII ASPECTE GENERALE Site-ul, avbreaban.com (\u201dSite\u201d) apar\u021bine Cabinet avocat \u2013 Breab\u0103n Rodica, cu sediul \u00een municipiul Bac\u0103u, str. 9 Mai, nr. 29, ap. 10, Jud. Bac\u0103u (denumit \u00een continuare \u201dCabinet\u201d), \u00eenregistrat \u0219i autorizat \u00een cadrul Baroului Bac\u0103u \u2013 Uniunea Na\u021bional\u0103 a Barourilor din Rom\u00e2nia, CIF 19515440, num\u0103r de telefon +40745324654, adres\u0103 de e-mail: [&hellip;]<\/p>\n","protected":false},"author":1,"featured_media":0,"parent":0,"menu_order":0,"comment_status":"closed","ping_status":"closed","template":"","meta":{"ocean_post_layout":"full-screen","ocean_both_sidebars_style":"","ocean_both_sidebars_content_width":0,"ocean_both_sidebars_sidebars_width":0,"ocean_sidebar":"0","ocean_second_sidebar":"0","ocean_disable_margins":"enable","ocean_add_body_class":"","ocean_shortcode_before_top_bar":"","ocean_shortcode_after_top_bar":"","ocean_shortcode_before_header":"","ocean_shortcode_after_header":"","ocean_has_shortcode":"","ocean_shortcode_after_title":"","ocean_shortcode_before_footer_widgets":"","ocean_shortcode_after_footer_widgets":"","ocean_shortcode_before_footer_bottom":"","ocean_shortcode_after_footer_bottom":"","ocean_display_top_bar":"off","ocean_display_header":"default","ocean_header_style":"","ocean_center_header_left_menu":"0","ocean_custom_header_template":"0","ocean_custom_logo":0,"ocean_custom_retina_logo":0,"ocean_custom_logo_max_width":0,"ocean_custom_logo_tablet_max_width":0,"ocean_custom_logo_mobile_max_width":0,"ocean_custom_logo_max_height":0,"ocean_custom_logo_tablet_max_height":0,"ocean_custom_logo_mobile_max_height":0,"ocean_header_custom_menu":"0","ocean_menu_typo_font_family":"0","ocean_menu_typo_font_subset":"","ocean_menu_typo_font_size":0,"ocean_menu_typo_font_size_tablet":0,"ocean_menu_typo_font_size_mobile":0,"ocean_menu_typo_font_size_unit":"px","ocean_menu_typo_font_weight":"","ocean_menu_typo_font_weight_tablet":"","ocean_menu_typo_font_weight_mobile":"","ocean_menu_typo_transform":"","ocean_menu_typo_transform_tablet":"","ocean_menu_typo_transform_mobile":"","ocean_menu_typo_line_height":0,"ocean_menu_typo_line_height_tablet":0,"ocean_menu_typo_line_height_mobile":0,"ocean_menu_typo_line_height_unit":"","ocean_menu_typo_spacing":0,"ocean_menu_typo_spacing_tablet":0,"ocean_menu_typo_spacing_mobile":0,"ocean_menu_typo_spacing_unit":"","ocean_menu_link_color":"","ocean_menu_link_color_hover":"","ocean_menu_link_color_active":"","ocean_menu_link_background":"","ocean_menu_link_hover_background":"","ocean_menu_link_active_background":"","ocean_menu_social_links_bg":"","ocean_menu_social_hover_links_bg":"","ocean_menu_social_links_color":"","ocean_menu_social_hover_links_color":"","ocean_disable_title":"on","ocean_disable_heading":"default","ocean_post_title":"","ocean_post_subheading":"","ocean_post_title_style":"","ocean_post_title_background_color":"","ocean_post_title_background":0,"ocean_post_title_bg_image_position":"","ocean_post_title_bg_image_attachment":"","ocean_post_title_bg_image_repeat":"","ocean_post_title_bg_image_size":"","ocean_post_title_height":0,"ocean_post_title_bg_overlay":0.5,"ocean_post_title_bg_overlay_color":"","ocean_disable_breadcrumbs":"default","ocean_breadcrumbs_color":"","ocean_breadcrumbs_separator_color":"","ocean_breadcrumbs_links_color":"","ocean_breadcrumbs_links_hover_color":"","ocean_display_footer_widgets":"off","ocean_display_footer_bottom":"off","ocean_custom_footer_template":"0","footnotes":""},"class_list":["post-1225","page","type-page","status-publish","hentry","entry"],"yoast_head":"<!-- This site is optimized with the Yoast SEO plugin v25.2 - https:\/\/yoast.com\/wordpress\/plugins\/seo\/ -->\n<title>Termeni \u0219i condi\u021bii - Cabinet avocat Breab\u0103n Rodica %<\/title>\n<meta name=\"robots\" content=\"index, follow, max-snippet:-1, max-image-preview:large, max-video-preview:-1\" \/>\n<link rel=\"canonical\" href=\"https:\/\/avbreaban.com\/?page_id=1225\" \/>\n<script type=\"application\/ld+json\" class=\"yoast-schema-graph\">{\"@context\":\"https:\/\/schema.org\",\"@graph\":[{\"@type\":\"WebPage\",\"@id\":\"https:\/\/avbreaban.com\/?page_id=1225\",\"url\":\"https:\/\/avbreaban.com\/?page_id=1225\",\"name\":\"Termeni \u0219i condi\u021bii - Cabinet avocat Breab\u0103n Rodica %\",\"isPartOf\":{\"@id\":\"https:\/\/avbreaban.com\/#website\"},\"datePublished\":\"2021-10-13T11:20:38+00:00\",\"dateModified\":\"2023-04-06T13:49:20+00:00\",\"breadcrumb\":{\"@id\":\"https:\/\/avbreaban.com\/?page_id=1225#breadcrumb\"},\"inLanguage\":\"ro-RO\",\"potentialAction\":[{\"@type\":\"ReadAction\",\"target\":[\"https:\/\/avbreaban.com\/?page_id=1225\"]}]},{\"@type\":\"BreadcrumbList\",\"@id\":\"https:\/\/avbreaban.com\/?page_id=1225#breadcrumb\",\"itemListElement\":[{\"@type\":\"ListItem\",\"position\":1,\"name\":\"Prima pagin\u0103\",\"item\":\"https:\/\/avbreaban.com\/\"},{\"@type\":\"ListItem\",\"position\":2,\"name\":\"Termeni \u0219i condi\u021bii\"}]},{\"@type\":\"WebSite\",\"@id\":\"https:\/\/avbreaban.com\/#website\",\"url\":\"https:\/\/avbreaban.com\/\",\"name\":\"Cabinet avocat Breab\u0103n Rodica\",\"description\":\"specializat \u00een dreptul familiei\",\"publisher\":{\"@id\":\"https:\/\/avbreaban.com\/#organization\"},\"alternateName\":\"avocat Breab\u0103n Rodica\",\"potentialAction\":[{\"@type\":\"SearchAction\",\"target\":{\"@type\":\"EntryPoint\",\"urlTemplate\":\"https:\/\/avbreaban.com\/?s={search_term_string}\"},\"query-input\":{\"@type\":\"PropertyValueSpecification\",\"valueRequired\":true,\"valueName\":\"search_term_string\"}}],\"inLanguage\":\"ro-RO\"},{\"@type\":\"Organization\",\"@id\":\"https:\/\/avbreaban.com\/#organization\",\"name\":\"Cabinet avocat Breab\u0103n Rodica\",\"alternateName\":\"avocat Bac\u0103u\",\"url\":\"https:\/\/avbreaban.com\/\",\"logo\":{\"@type\":\"ImageObject\",\"inLanguage\":\"ro-RO\",\"@id\":\"https:\/\/avbreaban.com\/#\/schema\/logo\/image\/\",\"url\":\"https:\/\/avbreaban.com\/wp-content\/uploads\/2021\/10\/logo3.png\",\"contentUrl\":\"https:\/\/avbreaban.com\/wp-content\/uploads\/2021\/10\/logo3.png\",\"width\":318,\"height\":80,\"caption\":\"Cabinet avocat Breab\u0103n Rodica\"},\"image\":{\"@id\":\"https:\/\/avbreaban.com\/#\/schema\/logo\/image\/\"}}]}<\/script>\n<!-- \/ Yoast SEO plugin. -->","yoast_head_json":{"title":"Termeni \u0219i condi\u021bii - Cabinet avocat Breab\u0103n Rodica %","robots":{"index":"index","follow":"follow","max-snippet":"max-snippet:-1","max-image-preview":"max-image-preview:large","max-video-preview":"max-video-preview:-1"},"canonical":"https:\/\/avbreaban.com\/?page_id=1225","schema":{"@context":"https:\/\/schema.org","@graph":[{"@type":"WebPage","@id":"https:\/\/avbreaban.com\/?page_id=1225","url":"https:\/\/avbreaban.com\/?page_id=1225","name":"Termeni \u0219i condi\u021bii - Cabinet avocat Breab\u0103n Rodica %","isPartOf":{"@id":"https:\/\/avbreaban.com\/#website"},"datePublished":"2021-10-13T11:20:38+00:00","dateModified":"2023-04-06T13:49:20+00:00","breadcrumb":{"@id":"https:\/\/avbreaban.com\/?page_id=1225#breadcrumb"},"inLanguage":"ro-RO","potentialAction":[{"@type":"ReadAction","target":["https:\/\/avbreaban.com\/?page_id=1225"]}]},{"@type":"BreadcrumbList","@id":"https:\/\/avbreaban.com\/?page_id=1225#breadcrumb","itemListElement":[{"@type":"ListItem","position":1,"name":"Prima pagin\u0103","item":"https:\/\/avbreaban.com\/"},{"@type":"ListItem","position":2,"name":"Termeni \u0219i condi\u021bii"}]},{"@type":"WebSite","@id":"https:\/\/avbreaban.com\/#website","url":"https:\/\/avbreaban.com\/","name":"Cabinet avocat Breab\u0103n Rodica","description":"specializat \u00een dreptul familiei","publisher":{"@id":"https:\/\/avbreaban.com\/#organization"},"alternateName":"avocat Breab\u0103n Rodica","potentialAction":[{"@type":"SearchAction","target":{"@type":"EntryPoint","urlTemplate":"https:\/\/avbreaban.com\/?s={search_term_string}"},"query-input":{"@type":"PropertyValueSpecification","valueRequired":true,"valueName":"search_term_string"}}],"inLanguage":"ro-RO"},{"@type":"Organization","@id":"https:\/\/avbreaban.com\/#organization","name":"Cabinet avocat Breab\u0103n Rodica","alternateName":"avocat Bac\u0103u","url":"https:\/\/avbreaban.com\/","logo":{"@type":"ImageObject","inLanguage":"ro-RO","@id":"https:\/\/avbreaban.com\/#\/schema\/logo\/image\/","url":"https:\/\/avbreaban.com\/wp-content\/uploads\/2021\/10\/logo3.png","contentUrl":"https:\/\/avbreaban.com\/wp-content\/uploads\/2021\/10\/logo3.png","width":318,"height":80,"caption":"Cabinet avocat Breab\u0103n Rodica"},"image":{"@id":"https:\/\/avbreaban.com\/#\/schema\/logo\/image\/"}}]}},"_links":{"self":[{"href":"https:\/\/avbreaban.com\/index.php?rest_route=\/wp\/v2\/pages\/1225","targetHints":{"allow":["GET"]}}],"collection":[{"href":"https:\/\/avbreaban.com\/index.php?rest_route=\/wp\/v2\/pages"}],"about":[{"href":"https:\/\/avbreaban.com\/index.php?rest_route=\/wp\/v2\/types\/page"}],"author":[{"embeddable":true,"href":"https:\/\/avbreaban.com\/index.php?rest_route=\/wp\/v2\/users\/1"}],"replies":[{"embeddable":true,"href":"https:\/\/avbreaban.com\/index.php?rest_route=%2Fwp%2Fv2%2Fcomments&post=1225"}],"version-history":[{"count":12,"href":"https:\/\/avbreaban.com\/index.php?rest_route=\/wp\/v2\/pages\/1225\/revisions"}],"predecessor-version":[{"id":2515,"href":"https:\/\/avbreaban.com\/index.php?rest_route=\/wp\/v2\/pages\/1225\/revisions\/2515"}],"wp:attachment":[{"href":"https:\/\/avbreaban.com\/index.php?rest_route=%2Fwp%2Fv2%2Fmedia&parent=1225"}],"curies":[{"name":"wp","href":"https:\/\/api.w.org\/{rel}","templated":true}]}}