 
{"id":1163,"date":"2021-10-11T20:05:31","date_gmt":"2021-10-11T17:05:31","guid":{"rendered":"http:\/\/localhost\/avRodica\/?page_id=1163"},"modified":"2023-04-06T16:54:41","modified_gmt":"2023-04-06T13:54:41","slug":"politica-de-utilizare-cookies","status":"publish","type":"page","link":"https:\/\/avbreaban.com\/?page_id=1163","title":{"rendered":"Politica de utilizare Cookies"},"content":{"rendered":"\t\t<div data-elementor-type=\"wp-page\" data-elementor-id=\"1163\" class=\"elementor elementor-1163\">\n\t\t\t\t\t\t<section class=\"elementor-section elementor-top-section elementor-element elementor-element-394048c0 elementor-section-boxed elementor-section-height-default elementor-section-height-default\" data-id=\"394048c0\" data-element_type=\"section\">\n\t\t\t\t\t\t<div class=\"elementor-container elementor-column-gap-default\">\n\t\t\t\t\t<div class=\"elementor-column elementor-col-100 elementor-top-column elementor-element elementor-element-30b4cee5\" data-id=\"30b4cee5\" data-element_type=\"column\">\n\t\t\t<div class=\"elementor-widget-wrap elementor-element-populated\">\n\t\t\t\t\t\t<div class=\"elementor-element elementor-element-72340be4 elementor-widget elementor-widget-text-editor\" data-id=\"72340be4\" data-element_type=\"widget\" data-widget_type=\"text-editor.default\">\n\t\t\t\t<div class=\"elementor-widget-container\">\n\t\t\t\t\t\t\t\t\t<p><\/p>\n<h4 class=\"wp-block-heading\">POLITICA DE UTILIZARE COOKIES<\/h4>\n<p><\/p>\n<p><\/p>\n<p>Aceast\u0103 politic\u0103 se refer\u0103 la cookie-urile \u0219i paginile web operate de Cabinet avocat &#8211; Breab\u0103n Rodica, cu sediul \u00een Mun. Bac\u0103u, str. 9 Mai, nr. 29, ap. 10, Jud. Bac\u0103u (denumit \u00een continuare Cabinet). Adresa site-ului nostru web este:<a href=\"https:\/\/avbreaban.com\"> https:\/\/avbreaban.com<\/a><\/p>\n<p><\/p>\n<p><\/p>\n<h4 class=\"wp-block-heading\">CE SUNT COOKIE-URILE?<\/h4>\n<p><\/p>\n<p><\/p>\n<p><\/p>\n<p><\/p>\n<p>Cookie-ul reprezint\u0103 un fi\u0219ier de mici dimensiuni, alc\u0103tuit din caractere alfanumerice, care va fi stocat pe computerul, terminalul mobil sau alte echipamente ale unui utilizator de pe care se acceseaz\u0103 un site web ce utilizeaz\u0103 aceast\u0103 func\u021bie. Cookie-ul este instalat prin solicitarea emis\u0103 de c\u0103tre un web-server unui browser (ex: Internet Explorer, Chrome) \u0219i este complet pasiv (nu con\u021bine programe software, viru\u0219i sau spyware \u0219i nu poate accesa informa\u021biile de pe dispozitivul unde este stocat).<\/p>\n<p><\/p>\n<p><\/p>\n<p><\/p>\n<p><\/p>\n<h4 class=\"wp-block-heading\">LA CE SUNT FOLOSITE COOKIE-URILE?<\/h4>\n<p><\/p>\n<p><\/p>\n<p>Aceste fi\u0219iere fac posibil\u0103 recunoa\u0219terea terminalului utilizatorului \u0219i prezentarea con\u021binutului site-ului \u00eentr-un mod relevant, adaptat preferin\u021belor acestuia. Cookie-urile asigur\u0103 utilizatorilor o experien\u021b\u0103 pl\u0103cut\u0103 de navigare \u0219i sus\u021bin eforturile noastre da a oferi servicii utile \u0219i o interfa\u021b\u0103 web fluid\u0103, u\u0219or de utilizat. De asemenea, cookie-urile sunt utilizate \u00een preg\u0103tirea unor statistici anonime agregate care ne ajut\u0103 s\u0103 \u00een\u021belegem cum un utilizator beneficiaz\u0103 de paginile noastre web, permi\u021b\u00e2ndu-ne \u00eembun\u0103t\u0103\u021birea structurii \u0219i con\u021binutului lor. Cu toate acestea, trebuie men\u021bionat faptul c\u0103 prin utilizarea modulelor Cookie este exclus\u0103 identificarea personal\u0103 a utilizatorului, \u00eentruc\u00e2t modulele utilizate de noi nu au capacitatea de a stoca date cu caracter personal. Cu alte cuvinte, cookie-urile nu permit identificarea direct\u0103 a persoanei care acceseaz\u0103 site-ul web, ci doar a unor elemente structurale care vor face ca experien\u021ba online a utilizatorului s\u0103 fie una c\u00e2t mai bun\u0103.<\/p>\n<h4>CE COOKIE-URI FOLOSIM?<\/h4>\n<p><\/p>\n<p><\/p>\n<p>Folosim doua tipuri de cookies:<\/p>\n<ul>\n<li>de sesiune &#8211; fi\u0219iere temporare ce r\u0103m\u00e2n \u00een terminalul utilizatorului p\u00e2n\u0103 la \u00eenchiderea sesiunii de navigare sau \u00eenchiderea aplica\u021biei (browser-ului web)<\/li>\n<li>persistente &#8211; fi\u0219iere care r\u0103m\u00e2n \u00een terminalul utilizatorului pe o perioada definit\u0103 de parametrii acelui cookie sau p\u00e2n\u0103 sunt \u0219terse manual de utilizator.\u00a0<\/li>\n<\/ul>\n<h4>CON\u021aIN COOKIE-URILE DATE PERSONALE?<\/h4>\n<p>Cookie-urile \u00een sine nu solicit\u0103 informa\u021bii cu caracter personal pentru a putea fi utilizate \u0219i, \u00een cele mai multe cazuri, nu identific\u0103 personal utilizatorii de internet. Datele personale colectate prin utilizarea Cookie-urilor faciliteaz\u0103 anumite func\u021bionalit\u0103\u021bi pentru utilizator. Datele sunt criptate \u00eentr-un mod care face imposibil accesul persoanelor neautorizate la ele.<\/p>\n<h4>\u0218TERGEREA COOKIE-URILOR<\/h4>\n<p>\u00cen general, o aplica\u021bie folosit\u0103 pentru accesarea paginilor web permite salvarea Cookie-urilor pe terminal \u00een mod implicit. Aceste set\u0103ri pot fi schimbate \u00een a\u0219a fel \u00eenc\u00e2t administrarea automat\u0103 a Cookie-urilor s\u0103 fie blocat\u0103 de browser-ul web sau utilizatorul s\u0103 fie informat de fiecare dat\u0103 c\u00e2nd Cookie-uri sunt trimise c\u0103tre terminalul s\u0103u. Totu\u0219i, v\u0103 atragem aten\u021bia asupra faptului c\u0103 limitarea folosirii Cookie-urilor poate afecta anumite func\u021bionalit\u0103\u021bi ale paginii web sau pot face site-ul total nefunc\u021bional.<\/p>\n<h4>SECURITATE \u0218I ASPECTE LEGATE DE CONFIDEN\u021aIALITATE<\/h4>\n<p>Cookie-urile nu pot fi considerate viru\u0219i! Ele folosesc formate tip plain text (astfel, cookie-ul este format exclusiv din caractere alfanumerice, f\u0103r\u0103 imagini, format\u0103ri digitale sau alte elemente structurale). De asemenea, nu sunt alc\u0103tuite din fragmente de cod a\u0219a c\u0103 nu pot fi executate \u0219i nici nu pot auto-rula. Av\u00e2nd \u00een vedere c\u0103 nu pot \u00eendeplini aceste func\u021bii, nu pot fi considerate viru\u0219i, \u00eentruc\u00e2t nu au capacitatea de a produce vreo modificare \u00een dispozitivul pe care sunt stocate.<\/p>\n<h4>SFATURI UTILE:<\/h4>\n<ul>\n<li>\u00cencerca\u021bi s\u0103 particulariza\u021bi set\u0103rile browserului, \u00een ceea ce prive\u0219te cookie-urile care sunt stocate pe dispozitivele dumneavoastr\u0103<\/li>\n<li>Actualiza\u021bi \u00een mod constant aplica\u021biile de tip antivirus\/antispyware;<\/li>\n<li>Multe dintre aplica\u021biile de detectare \u0219i prevenire a spyware-ului includ detectarea atacurilor pe site-uri. Astfel, browserul este \u00eempiedicat din a accesa website-uri care ar putea s\u0103 exploateze vulnerabilit\u0103\u021bile browserului sau s\u0103 descarce un software periculos;<\/li>\n<li>Asigura\u021bi-v\u0103 c\u0103 ave\u021bi browserul pe care \u00eel folosi\u021bi este actualizat la ultima versiune publicat\u0103 de dezvoltator;<\/li>\n<li>Dezactivarea \u0219i refuzul de a primi cookie-uri pot face anumite site-uri impracticabile sau dificil de vizitat \u0219i folosit. De asemenea, refuzul de a accepta cookie-uri nu \u00eenseamn\u0103 c\u0103 nu ve\u021bi mai primi\/vedea publicitate online;<\/li>\n<li>Este posibil\u0103 setarea din browser pentru ca aceste cookie-uri s\u0103 nu mai fie acceptate sau pute\u021bi seta browserul s\u0103 accepte cookie-uri de la un site anume \u0219i de ale ignora pe celelalte;<\/li>\n<\/ul>\n<p><\/p>\t\t\t\t\t\t\t\t<\/div>\n\t\t\t\t<\/div>\n\t\t\t\t\t<\/div>\n\t\t<\/div>\n\t\t\t\t\t<\/div>\n\t\t<\/section>\n\t\t\t\t<section class=\"elementor-section elementor-top-section elementor-element elementor-element-b138d54 elementor-section-boxed elementor-section-height-default elementor-section-height-default\" data-id=\"b138d54\" data-element_type=\"section\">\n\t\t\t\t\t\t<div class=\"elementor-container elementor-column-gap-default\">\n\t\t\t\t\t<div class=\"elementor-column elementor-col-50 elementor-top-column elementor-element elementor-element-9010235\" data-id=\"9010235\" data-element_type=\"column\">\n\t\t\t<div class=\"elementor-widget-wrap elementor-element-populated\">\n\t\t\t\t\t\t<div class=\"elementor-element elementor-element-91cf7f6 elementor-align-center elementor-widget elementor-widget-button\" data-id=\"91cf7f6\" data-element_type=\"widget\" data-widget_type=\"button.default\">\n\t\t\t\t<div class=\"elementor-widget-container\">\n\t\t\t\t\t\t\t\t\t<div class=\"elementor-button-wrapper\">\n\t\t\t\t\t<a class=\"elementor-button elementor-button-link elementor-size-sm\" href=\"https:\/\/avbreaban.com\/\" rel=\"nofollow\">\n\t\t\t\t\t\t<span class=\"elementor-button-content-wrapper\">\n\t\t\t\t\t\t\t\t\t<span class=\"elementor-button-text\">revenire acas\u0103<\/span>\n\t\t\t\t\t<\/span>\n\t\t\t\t\t<\/a>\n\t\t\t\t<\/div>\n\t\t\t\t\t\t\t\t<\/div>\n\t\t\t\t<\/div>\n\t\t\t\t\t<\/div>\n\t\t<\/div>\n\t\t\t\t<div class=\"elementor-column elementor-col-50 elementor-top-column elementor-element elementor-element-ee4e73d\" data-id=\"ee4e73d\" data-element_type=\"column\">\n\t\t\t<div class=\"elementor-widget-wrap elementor-element-populated\">\n\t\t\t\t\t\t<div class=\"elementor-element elementor-element-28d31aa elementor-widget__width-initial button elementor-widget elementor-widget-html\" data-id=\"28d31aa\" data-element_type=\"widget\" data-widget_type=\"html.default\">\n\t\t\t\t<div class=\"elementor-widget-container\">\n\t\t\t\t\t<a href=\"javascript:window.close();\" style=\"font-size: 18px;\">\u00cenchide pagina<\/a>\t\t\t\t<\/div>\n\t\t\t\t<\/div>\n\t\t\t\t\t<\/div>\n\t\t<\/div>\n\t\t\t\t\t<\/div>\n\t\t<\/section>\n\t\t\t\t<\/div>\n\t\t","protected":false},"excerpt":{"rendered":"<p>POLITICA DE UTILIZARE COOKIES Aceast\u0103 politic\u0103 se refer\u0103 la cookie-urile \u0219i paginile web operate de Cabinet avocat &#8211; Breab\u0103n Rodica, cu sediul \u00een Mun. Bac\u0103u, str. 9 Mai, nr. 29, ap. 10, Jud. Bac\u0103u (denumit \u00een continuare Cabinet). Adresa site-ului nostru web este: https:\/\/avbreaban.com CE SUNT COOKIE-URILE? Cookie-ul reprezint\u0103 un fi\u0219ier de mici dimensiuni, alc\u0103tuit [&hellip;]<\/p>\n","protected":false},"author":1,"featured_media":0,"parent":0,"menu_order":0,"comment_status":"closed","ping_status":"closed","template":"","meta":{"ocean_post_layout":"full-screen","ocean_both_sidebars_style":"","ocean_both_sidebars_content_width":0,"ocean_both_sidebars_sidebars_width":0,"ocean_sidebar":"0","ocean_second_sidebar":"0","ocean_disable_margins":"enable","ocean_add_body_class":"","ocean_shortcode_before_top_bar":"","ocean_shortcode_after_top_bar":"","ocean_shortcode_before_header":"","ocean_shortcode_after_header":"","ocean_has_shortcode":"","ocean_shortcode_after_title":"","ocean_shortcode_before_footer_widgets":"","ocean_shortcode_after_footer_widgets":"","ocean_shortcode_before_footer_bottom":"","ocean_shortcode_after_footer_bottom":"","ocean_display_top_bar":"off","ocean_display_header":"default","ocean_header_style":"","ocean_center_header_left_menu":"0","ocean_custom_header_template":"0","ocean_custom_logo":0,"ocean_custom_retina_logo":0,"ocean_custom_logo_max_width":0,"ocean_custom_logo_tablet_max_width":0,"ocean_custom_logo_mobile_max_width":0,"ocean_custom_logo_max_height":0,"ocean_custom_logo_tablet_max_height":0,"ocean_custom_logo_mobile_max_height":0,"ocean_header_custom_menu":"0","ocean_menu_typo_font_family":"0","ocean_menu_typo_font_subset":"","ocean_menu_typo_font_size":0,"ocean_menu_typo_font_size_tablet":0,"ocean_menu_typo_font_size_mobile":0,"ocean_menu_typo_font_size_unit":"px","ocean_menu_typo_font_weight":"","ocean_menu_typo_font_weight_tablet":"","ocean_menu_typo_font_weight_mobile":"","ocean_menu_typo_transform":"","ocean_menu_typo_transform_tablet":"","ocean_menu_typo_transform_mobile":"","ocean_menu_typo_line_height":0,"ocean_menu_typo_line_height_tablet":0,"ocean_menu_typo_line_height_mobile":0,"ocean_menu_typo_line_height_unit":"","ocean_menu_typo_spacing":0,"ocean_menu_typo_spacing_tablet":0,"ocean_menu_typo_spacing_mobile":0,"ocean_menu_typo_spacing_unit":"","ocean_menu_link_color":"","ocean_menu_link_color_hover":"","ocean_menu_link_color_active":"","ocean_menu_link_background":"","ocean_menu_link_hover_background":"","ocean_menu_link_active_background":"","ocean_menu_social_links_bg":"","ocean_menu_social_hover_links_bg":"","ocean_menu_social_links_color":"","ocean_menu_social_hover_links_color":"","ocean_disable_title":"on","ocean_disable_heading":"default","ocean_post_title":"","ocean_post_subheading":"","ocean_post_title_style":"","ocean_post_title_background_color":"","ocean_post_title_background":0,"ocean_post_title_bg_image_position":"","ocean_post_title_bg_image_attachment":"","ocean_post_title_bg_image_repeat":"","ocean_post_title_bg_image_size":"","ocean_post_title_height":0,"ocean_post_title_bg_overlay":0.5,"ocean_post_title_bg_overlay_color":"","ocean_disable_breadcrumbs":"default","ocean_breadcrumbs_color":"","ocean_breadcrumbs_separator_color":"","ocean_breadcrumbs_links_color":"","ocean_breadcrumbs_links_hover_color":"","ocean_display_footer_widgets":"off","ocean_display_footer_bottom":"off","ocean_custom_footer_template":"0","footnotes":""},"class_list":["post-1163","page","type-page","status-publish","hentry","entry"],"yoast_head":"<!-- This site is optimized with the Yoast SEO plugin v25.2 - https:\/\/yoast.com\/wordpress\/plugins\/seo\/ -->\n<title>Politica de utilizare Cookies - Cabinet avocat Breab\u0103n Rodica %<\/title>\n<meta name=\"robots\" content=\"index, follow, max-snippet:-1, max-image-preview:large, max-video-preview:-1\" \/>\n<link rel=\"canonical\" href=\"https:\/\/avbreaban.com\/?page_id=1163\" \/>\n<script type=\"application\/ld+json\" class=\"yoast-schema-graph\">{\"@context\":\"https:\/\/schema.org\",\"@graph\":[{\"@type\":\"WebPage\",\"@id\":\"https:\/\/avbreaban.com\/?page_id=1163\",\"url\":\"https:\/\/avbreaban.com\/?page_id=1163\",\"name\":\"Politica de utilizare Cookies - Cabinet avocat Breab\u0103n Rodica %\",\"isPartOf\":{\"@id\":\"https:\/\/avbreaban.com\/#website\"},\"datePublished\":\"2021-10-11T17:05:31+00:00\",\"dateModified\":\"2023-04-06T13:54:41+00:00\",\"breadcrumb\":{\"@id\":\"https:\/\/avbreaban.com\/?page_id=1163#breadcrumb\"},\"inLanguage\":\"ro-RO\",\"potentialAction\":[{\"@type\":\"ReadAction\",\"target\":[\"https:\/\/avbreaban.com\/?page_id=1163\"]}]},{\"@type\":\"BreadcrumbList\",\"@id\":\"https:\/\/avbreaban.com\/?page_id=1163#breadcrumb\",\"itemListElement\":[{\"@type\":\"ListItem\",\"position\":1,\"name\":\"Prima pagin\u0103\",\"item\":\"https:\/\/avbreaban.com\/\"},{\"@type\":\"ListItem\",\"position\":2,\"name\":\"Politica de utilizare Cookies\"}]},{\"@type\":\"WebSite\",\"@id\":\"https:\/\/avbreaban.com\/#website\",\"url\":\"https:\/\/avbreaban.com\/\",\"name\":\"Cabinet avocat Breab\u0103n Rodica\",\"description\":\"specializat \u00een dreptul familiei\",\"publisher\":{\"@id\":\"https:\/\/avbreaban.com\/#organization\"},\"alternateName\":\"avocat Breab\u0103n Rodica\",\"potentialAction\":[{\"@type\":\"SearchAction\",\"target\":{\"@type\":\"EntryPoint\",\"urlTemplate\":\"https:\/\/avbreaban.com\/?s={search_term_string}\"},\"query-input\":{\"@type\":\"PropertyValueSpecification\",\"valueRequired\":true,\"valueName\":\"search_term_string\"}}],\"inLanguage\":\"ro-RO\"},{\"@type\":\"Organization\",\"@id\":\"https:\/\/avbreaban.com\/#organization\",\"name\":\"Cabinet avocat Breab\u0103n Rodica\",\"alternateName\":\"avocat Bac\u0103u\",\"url\":\"https:\/\/avbreaban.com\/\",\"logo\":{\"@type\":\"ImageObject\",\"inLanguage\":\"ro-RO\",\"@id\":\"https:\/\/avbreaban.com\/#\/schema\/logo\/image\/\",\"url\":\"https:\/\/avbreaban.com\/wp-content\/uploads\/2021\/10\/logo3.png\",\"contentUrl\":\"https:\/\/avbreaban.com\/wp-content\/uploads\/2021\/10\/logo3.png\",\"width\":318,\"height\":80,\"caption\":\"Cabinet avocat Breab\u0103n Rodica\"},\"image\":{\"@id\":\"https:\/\/avbreaban.com\/#\/schema\/logo\/image\/\"}}]}<\/script>\n<!-- \/ Yoast SEO plugin. -->","yoast_head_json":{"title":"Politica de utilizare Cookies - Cabinet avocat Breab\u0103n Rodica %","robots":{"index":"index","follow":"follow","max-snippet":"max-snippet:-1","max-image-preview":"max-image-preview:large","max-video-preview":"max-video-preview:-1"},"canonical":"https:\/\/avbreaban.com\/?page_id=1163","schema":{"@context":"https:\/\/schema.org","@graph":[{"@type":"WebPage","@id":"https:\/\/avbreaban.com\/?page_id=1163","url":"https:\/\/avbreaban.com\/?page_id=1163","name":"Politica de utilizare Cookies - Cabinet avocat Breab\u0103n Rodica %","isPartOf":{"@id":"https:\/\/avbreaban.com\/#website"},"datePublished":"2021-10-11T17:05:31+00:00","dateModified":"2023-04-06T13:54:41+00:00","breadcrumb":{"@id":"https:\/\/avbreaban.com\/?page_id=1163#breadcrumb"},"inLanguage":"ro-RO","potentialAction":[{"@type":"ReadAction","target":["https:\/\/avbreaban.com\/?page_id=1163"]}]},{"@type":"BreadcrumbList","@id":"https:\/\/avbreaban.com\/?page_id=1163#breadcrumb","itemListElement":[{"@type":"ListItem","position":1,"name":"Prima pagin\u0103","item":"https:\/\/avbreaban.com\/"},{"@type":"ListItem","position":2,"name":"Politica de utilizare Cookies"}]},{"@type":"WebSite","@id":"https:\/\/avbreaban.com\/#website","url":"https:\/\/avbreaban.com\/","name":"Cabinet avocat Breab\u0103n Rodica","description":"specializat \u00een dreptul familiei","publisher":{"@id":"https:\/\/avbreaban.com\/#organization"},"alternateName":"avocat Breab\u0103n Rodica","potentialAction":[{"@type":"SearchAction","target":{"@type":"EntryPoint","urlTemplate":"https:\/\/avbreaban.com\/?s={search_term_string}"},"query-input":{"@type":"PropertyValueSpecification","valueRequired":true,"valueName":"search_term_string"}}],"inLanguage":"ro-RO"},{"@type":"Organization","@id":"https:\/\/avbreaban.com\/#organization","name":"Cabinet avocat Breab\u0103n Rodica","alternateName":"avocat Bac\u0103u","url":"https:\/\/avbreaban.com\/","logo":{"@type":"ImageObject","inLanguage":"ro-RO","@id":"https:\/\/avbreaban.com\/#\/schema\/logo\/image\/","url":"https:\/\/avbreaban.com\/wp-content\/uploads\/2021\/10\/logo3.png","contentUrl":"https:\/\/avbreaban.com\/wp-content\/uploads\/2021\/10\/logo3.png","width":318,"height":80,"caption":"Cabinet avocat Breab\u0103n Rodica"},"image":{"@id":"https:\/\/avbreaban.com\/#\/schema\/logo\/image\/"}}]}},"_links":{"self":[{"href":"https:\/\/avbreaban.com\/index.php?rest_route=\/wp\/v2\/pages\/1163","targetHints":{"allow":["GET"]}}],"collection":[{"href":"https:\/\/avbreaban.com\/index.php?rest_route=\/wp\/v2\/pages"}],"about":[{"href":"https:\/\/avbreaban.com\/index.php?rest_route=\/wp\/v2\/types\/page"}],"author":[{"embeddable":true,"href":"https:\/\/avbreaban.com\/index.php?rest_route=\/wp\/v2\/users\/1"}],"replies":[{"embeddable":true,"href":"https:\/\/avbreaban.com\/index.php?rest_route=%2Fwp%2Fv2%2Fcomments&post=1163"}],"version-history":[{"count":6,"href":"https:\/\/avbreaban.com\/index.php?rest_route=\/wp\/v2\/pages\/1163\/revisions"}],"predecessor-version":[{"id":2524,"href":"https:\/\/avbreaban.com\/index.php?rest_route=\/wp\/v2\/pages\/1163\/revisions\/2524"}],"wp:attachment":[{"href":"https:\/\/avbreaban.com\/index.php?rest_route=%2Fwp%2Fv2%2Fmedia&parent=1163"}],"curies":[{"name":"wp","href":"https:\/\/api.w.org\/{rel}","templated":true}]}}